{"id":99294,"date":"2020-06-21T11:41:09","date_gmt":"2020-06-21T14:41:09","guid":{"rendered":"http:\/\/173.236.34.242\/~reypurk03\/?page_id=99294"},"modified":"2020-08-14T00:20:12","modified_gmt":"2020-08-14T03:20:12","slug":"quienes-somos-2","status":"publish","type":"page","link":"www.reypurk03.com\/?page_id=99294","title":{"rendered":"NUESTRO ENFOQUE"},"content":{"rendered":"<section class=\"vc_row wpb_row vc_row-fluid\"><div class=\"wpb_column vc_column_container col-xs-mobile-fullwidth vc_col-sm-12\"><div class=\"vc_column-inner\"><div class=\"wpb_wrapper\"><div class=\"text-block-content hongo-text-block-1 last-paragraph-no-margin\"><h4>La Filosof\u00eda de REYPURK 03 se basa en 3 pilares fundamentales: CALIDAD, SERVICIO y PRECIO, adem\u00e1s de intentar ser parte activa de cada una de las empresas con las que trabajamos, aportando ideas, sintiendo como nuestros los objetivos de nuestros clientes. Aportamos soluciones adaptadas a sus necesidades, ya sea para mejorar el producto en su rendimiento, coste o imagen<\/h4>\n<\/div><\/div><\/div><\/div><\/section><section class=\"vc_row wpb_row vc_row-fluid\"><div class=\"wpb_column vc_column_container col-xs-mobile-fullwidth vc_col-sm-12\"><div class=\"vc_column-inner\"><div class=\"wpb_wrapper\"><div class=\"wpb_single_image vc_align_center   bg-position-center-center\">\n\t\t\t<figure class=\"wpb_wrapper vc_figure\">\n\t\t\t\t<div class=\"vc_single_image-wrapper  \"><img loading=\"lazy\" decoding=\"async\" width=\"300\" height=\"253\" src=\"http:\/\/www.reypurk03.com\/wp-content\/uploads\/2020\/08\/Fabrica-300x253.jpg\" class=\"vc_single_image-img attachment-medium\" alt=\"\" srcset=\"http:\/\/www.reypurk03.com\/wp-content\/uploads\/2020\/08\/Fabrica-300x253.jpg 300w, http:\/\/www.reypurk03.com\/wp-content\/uploads\/2020\/08\/Fabrica-84x71.jpg 84w, http:\/\/www.reypurk03.com\/wp-content\/uploads\/2020\/08\/Fabrica-200x169.jpg 200w, http:\/\/www.reypurk03.com\/wp-content\/uploads\/2020\/08\/Fabrica-450x380.jpg 450w, http:\/\/www.reypurk03.com\/wp-content\/uploads\/2020\/08\/Fabrica-360x304.jpg 360w, http:\/\/www.reypurk03.com\/wp-content\/uploads\/2020\/08\/Fabrica.jpg 768w\" sizes=\"auto, (max-width: 300px) 100vw, 300px\" \/><\/div>\n\t\t\t<\/figure>\n\t\t\t\n\t\t<\/div><\/div><\/div><\/div><\/section><section class=\"vc_row wpb_row vc_row-fluid\"><div class=\"wpb_column vc_column_container col-xs-mobile-fullwidth vc_col-sm-12\"><div class=\"vc_column-inner\"><div class=\"wpb_wrapper\"><div class=\"text-block-content hongo-text-block-2 last-paragraph-no-margin\"><h3><strong>Nuestra Historia<\/strong><\/h3>\n<h4>REYPURK 03 posee una dilatada experiencia en el sector de la hosteler\u00eda, expositores de chapa, armarios el\u00e9ctricos, etc., ya que sus or\u00edgenes se basan en la experiencia de su personal t\u00e9cnico. A lo largo de los a\u00f1os hemos consolidado clientes como: Qualityt Expresso, Arilex, Primer Canal, Tevex, Cooking Systems, Hitachi, entre otros.<\/h4>\n<\/div><\/div><\/div><\/div><\/section><section class=\"vc_row wpb_row vc_row-fluid\"><div class=\"wpb_column vc_column_container col-xs-mobile-fullwidth vc_col-sm-4\"><div class=\"vc_column-inner\"><div class=\"wpb_wrapper\"><div class=\"wpb_single_image    hongo-full-width-single-image\">\n\t\t\t<figure class=\"wpb_wrapper vc_figure\">\n\t\t\t\t<div class=\"vc_single_image-wrapper  \"><img loading=\"lazy\" decoding=\"async\" width=\"150\" height=\"150\" src=\"http:\/\/www.reypurk03.com\/wp-content\/uploads\/2020\/07\/Hosteleria-150x150.jpeg\" class=\"vc_single_image-img attachment-thumbnail\" alt=\"\" srcset=\"http:\/\/www.reypurk03.com\/wp-content\/uploads\/2020\/07\/Hosteleria-150x150.jpeg 150w, http:\/\/www.reypurk03.com\/wp-content\/uploads\/2020\/07\/Hosteleria-100x100.jpeg 100w, http:\/\/www.reypurk03.com\/wp-content\/uploads\/2020\/07\/Hosteleria-64x64.jpeg 64w\" sizes=\"auto, (max-width: 150px) 100vw, 150px\" \/><\/div>\n\t\t\t<\/figure>\n\t\t\t<h2 class=\"wpb_heading wpb_singleimage_heading hongo_font_1597203762695\">HOSTELERIA. Fabricaci\u00f3n de piezas para el sector hostelero en general (cafeteras, planchas, tostadores, barbacoas, vitrinas, etc). Entre nuestros principales clientes se encuentran Quality Espresso, Arilex, Aplimet, Tevex entre otros.<\/h2>\n\t\t<\/div><\/div><\/div><\/div><div class=\"wpb_column vc_column_container col-xs-mobile-fullwidth vc_col-sm-4\"><div class=\"vc_column-inner\"><div class=\"wpb_wrapper\"><div class=\"wpb_single_image    hongo-full-width-single-image\">\n\t\t\t<figure class=\"wpb_wrapper vc_figure\">\n\t\t\t\t<div class=\"vc_single_image-wrapper  \"><img loading=\"lazy\" decoding=\"async\" width=\"150\" height=\"150\" src=\"http:\/\/www.reypurk03.com\/wp-content\/uploads\/2020\/07\/Expositores-150x150.jpeg\" class=\"vc_single_image-img attachment-thumbnail\" alt=\"\" srcset=\"http:\/\/www.reypurk03.com\/wp-content\/uploads\/2020\/07\/Expositores-150x150.jpeg 150w, http:\/\/www.reypurk03.com\/wp-content\/uploads\/2020\/07\/Expositores-100x100.jpeg 100w, http:\/\/www.reypurk03.com\/wp-content\/uploads\/2020\/07\/Expositores-64x64.jpeg 64w\" sizes=\"auto, (max-width: 150px) 100vw, 150px\" \/><\/div>\n\t\t\t<\/figure>\n\t\t\t<h2 class=\"wpb_heading wpb_singleimage_heading hongo_font_1597203814446\">EXPOSITORES. Fabricaci\u00f3n de expositores met\u00e1licos. Entre nuestros principales clientes se encuentran Primer Canal, Arti, etc.<\/h2>\n\t\t<\/div><\/div><\/div><\/div><div class=\"wpb_column vc_column_container col-xs-mobile-fullwidth vc_col-sm-4\"><div class=\"vc_column-inner\"><div class=\"wpb_wrapper\"><div class=\"wpb_single_image    hongo-full-width-single-image\">\n\t\t\t<figure class=\"wpb_wrapper vc_figure\">\n\t\t\t\t<div class=\"vc_single_image-wrapper  \"><img loading=\"lazy\" decoding=\"async\" width=\"150\" height=\"150\" src=\"http:\/\/www.reypurk03.com\/wp-content\/uploads\/2020\/07\/Letreros-y-merchandising-150x150.jpeg\" class=\"vc_single_image-img attachment-thumbnail\" alt=\"\" srcset=\"http:\/\/www.reypurk03.com\/wp-content\/uploads\/2020\/07\/Letreros-y-merchandising-150x150.jpeg 150w, http:\/\/www.reypurk03.com\/wp-content\/uploads\/2020\/07\/Letreros-y-merchandising-100x100.jpeg 100w, http:\/\/www.reypurk03.com\/wp-content\/uploads\/2020\/07\/Letreros-y-merchandising-64x64.jpeg 64w\" sizes=\"auto, (max-width: 150px) 100vw, 150px\" \/><\/div>\n\t\t\t<\/figure>\n\t\t\t<h2 class=\"wpb_heading wpb_singleimage_heading hongo_font_1597203858960\">LETREROS Y MERCHANDISING. Tambi\u00e9n nos dedicamos a la fabricaci\u00f3n de letreros de empresas y tiendas, todo lo que sea merchandising en chapa, estructuras de iluminaci\u00f3n, jardineras.<\/h2>\n\t\t<\/div><\/div><\/div><\/div><\/section><section class=\"vc_row wpb_row vc_row-fluid\"><div class=\"wpb_column vc_column_container col-xs-mobile-fullwidth vc_col-sm-12\"><div class=\"vc_column-inner\"><div class=\"wpb_wrapper\"><div class=\"text-block-content hongo-text-block-3 last-paragraph-no-margin\"><h3>CALIDAD Y SERVICIO<\/h3>\n<h4>Nuestro principal objetivo es cumplir con la calidad exigida de nuestros clientes.<\/h4>\n<h4>Lo que diferencia a Reypurk como empresa, es nuestro compromiso en los plazos de entrega.<\/h4>\n<h4>Estamos avalados por los a\u00f1os de experiencia que tenemos desde 2003 y la capacidad de adaptaci\u00f3n a las nuevas tecnolog\u00edas.<\/h4>\n<\/div><\/div><\/div><\/div><\/section>","protected":false},"excerpt":{"rendered":"La Filosof\u00eda de REYPURK 03 se basa en 3 pilares fundamentales: CALIDAD, SERVICIO y PRECIO, adem\u00e1s de intentar ser parte activa de cada una de las empresas con las que trabajamos, aportando ideas, sintiendo como nuestros los objetivos de nuestros clientes. Aportamos soluciones adaptadas a sus necesidades, ya sea para mejorar el producto en su rendimiento, coste o imagen Nuestra Historia REYPURK 03 posee una dilatada experiencia en el sector de la hosteler\u00eda, expositores de chapa, armarios el\u00e9ctricos, etc., ya que sus or\u00edgenes se basan en la experiencia de su personal t\u00e9cnico. A lo largo de los a\u00f1os hemos consolidado clientes como: Qualityt Expresso, Arilex, Primer Canal, Tevex, Cooking Systems, Hitachi, entre otros. HOSTELERIA. Fabricaci\u00f3n de piezas para el sector hostelero en general (cafeteras, planchas, tostadores, barbacoas, vitrinas, etc). Entre nuestros principales clientes se encuentran Quality Espresso, Arilex, Aplimet, Tevex entre otros. EXPOSITORES. Fabricaci\u00f3n de expositores met\u00e1licos. Entre nuestros principales clientes se encuentran Primer Canal, Arti, etc. LETREROS Y MERCHANDISING. Tambi\u00e9n nos dedicamos a la fabricaci\u00f3n de letreros de empresas y tiendas, todo lo que sea merchandising en chapa, estructuras de iluminaci\u00f3n, jardineras. CALIDAD Y SERVICIO Nuestro principal objetivo es cumplir con la calidad exigida de nuestros clientes. Lo que...","protected":false},"author":1,"featured_media":0,"parent":0,"menu_order":0,"comment_status":"closed","ping_status":"closed","template":"","meta":{"footnotes":""},"class_list":["post-99294","page","type-page","status-publish","hentry"],"_links":{"self":[{"href":"www.reypurk03.com\/index.php?rest_route=\/wp\/v2\/pages\/99294","targetHints":{"allow":["GET"]}}],"collection":[{"href":"www.reypurk03.com\/index.php?rest_route=\/wp\/v2\/pages"}],"about":[{"href":"www.reypurk03.com\/index.php?rest_route=\/wp\/v2\/types\/page"}],"author":[{"embeddable":true,"href":"www.reypurk03.com\/index.php?rest_route=\/wp\/v2\/users\/1"}],"replies":[{"embeddable":true,"href":"www.reypurk03.com\/index.php?rest_route=%2Fwp%2Fv2%2Fcomments&post=99294"}],"version-history":[{"count":19,"href":"www.reypurk03.com\/index.php?rest_route=\/wp\/v2\/pages\/99294\/revisions"}],"predecessor-version":[{"id":99589,"href":"www.reypurk03.com\/index.php?rest_route=\/wp\/v2\/pages\/99294\/revisions\/99589"}],"wp:attachment":[{"href":"www.reypurk03.com\/index.php?rest_route=%2Fwp%2Fv2%2Fmedia&parent=99294"}],"curies":[{"name":"wp","href":"https:\/\/api.w.org\/{rel}","templated":true}]}}