{"id":99620,"date":"2025-05-14T12:45:30","date_gmt":"2025-05-14T15:45:30","guid":{"rendered":"http:\/\/www.reypurk03.com\/?post_type=product&#038;p=99620"},"modified":"2025-05-14T13:46:24","modified_gmt":"2025-05-14T16:46:24","slug":"llauna-usual","status":"publish","type":"product","link":"www.reypurk03.com\/?product=llauna-usual","title":{"rendered":"LLAUNA USUAL"},"content":{"rendered":"<p>Presentamos nuestra gama de Llaunas mas vers\u00e1til con diferentes tama\u00f1os y acabados para arroces, pescados y caracoles, logando una coci\u00f3n uniforme y un delicioso toque crujiente en la base. Este m\u00e9todo de coci\u00f3n permite que los ingredientes combinen a la perfecci\u00f3n, realzando sus sabores y aromas.<\/p>\n<p>Fabricado con Acero Inoxidable, por lo que permite dejarlo a la intemperie sin perder su funcionalidad y calidad.<\/p>\n<p>Medidas 20&#215;20 y 30&#215;30<\/p>\n","protected":false},"excerpt":{"rendered":"<p>Presentamos nuestra gama de Llaunas mas vers\u00e1til con diferentes tama\u00f1os y acabados para arroces, pescados y caracoles, logando una coci\u00f3n uniforme y un delicioso toque crujiente en la base. Este m\u00e9todo de coci\u00f3n permite que los ingredientes combinen a la perfecci\u00f3n, realzando sus sabores y aromas.<\/p>\n<p>Fabricado con Acero Inoxidable, por lo que permite dejarlo a la intemperie sin perder su funcionalidad y calidad.<\/p>\n<p>Medidas 20&#215;20 y 30&#215;30<\/p>\n<p>&nbsp;<\/p>\n","protected":false},"featured_media":99621,"template":"","meta":[],"class_list":{"0":"post-99620","1":"product","2":"type-product","3":"status-publish","4":"has-post-thumbnail","6":"product_cat-llaunas","8":"first","9":"instock","10":"taxable","11":"shipping-taxable","12":"purchasable","13":"product-type-simple"},"_links":{"self":[{"href":"www.reypurk03.com\/index.php?rest_route=\/wp\/v2\/product\/99620","targetHints":{"allow":["GET"]}}],"collection":[{"href":"www.reypurk03.com\/index.php?rest_route=\/wp\/v2\/product"}],"about":[{"href":"www.reypurk03.com\/index.php?rest_route=\/wp\/v2\/types\/product"}],"wp:featuredmedia":[{"embeddable":true,"href":"www.reypurk03.com\/index.php?rest_route=\/wp\/v2\/media\/99621"}],"wp:attachment":[{"href":"www.reypurk03.com\/index.php?rest_route=%2Fwp%2Fv2%2Fmedia&parent=99620"}],"curies":[{"name":"wp","href":"https:\/\/api.w.org\/{rel}","templated":true}]}}