{"id":99636,"date":"2025-05-14T13:23:21","date_gmt":"2025-05-14T16:23:21","guid":{"rendered":"http:\/\/www.reypurk03.com\/?post_type=product&#038;p=99636"},"modified":"2025-05-14T13:23:22","modified_gmt":"2025-05-14T16:23:22","slug":"vinagrera-picual","status":"publish","type":"product","link":"www.reypurk03.com\/?product=vinagrera-picual","title":{"rendered":"Vinagrera PICUAL"},"content":{"rendered":"","protected":false},"excerpt":{"rendered":"<p>Nuestra vinagrera PICUAL tiene un dise\u00f1o pr\u00e1ctico y vers\u00e1til y es totalmente personalizable con nuestro grabado l\u00e1ser.<\/p>\n","protected":false},"featured_media":99637,"template":"","meta":[],"class_list":{"0":"post-99636","1":"product","2":"type-product","3":"status-publish","4":"has-post-thumbnail","6":"product_cat-vinagreras","8":"first","9":"instock","10":"taxable","11":"shipping-taxable","12":"purchasable","13":"product-type-simple"},"_links":{"self":[{"href":"www.reypurk03.com\/index.php?rest_route=\/wp\/v2\/product\/99636","targetHints":{"allow":["GET"]}}],"collection":[{"href":"www.reypurk03.com\/index.php?rest_route=\/wp\/v2\/product"}],"about":[{"href":"www.reypurk03.com\/index.php?rest_route=\/wp\/v2\/types\/product"}],"wp:featuredmedia":[{"embeddable":true,"href":"www.reypurk03.com\/index.php?rest_route=\/wp\/v2\/media\/99637"}],"wp:attachment":[{"href":"www.reypurk03.com\/index.php?rest_route=%2Fwp%2Fv2%2Fmedia&parent=99636"}],"curies":[{"name":"wp","href":"https:\/\/api.w.org\/{rel}","templated":true}]}}